{"id":235,"date":"2021-01-25T02:52:40","date_gmt":"2021-01-24T23:52:40","guid":{"rendered":"https:\/\/travailleravecremax.lu\/?page_id=235"},"modified":"2021-11-26T17:29:31","modified_gmt":"2021-11-26T14:29:31","slug":"blog","status":"publish","type":"page","link":"https:\/\/travailleravecremax.lu\/fr\/blog\/","title":{"rendered":"Blog"},"content":{"rendered":"\t\t<div data-elementor-type=\"wp-page\" data-elementor-id=\"235\" class=\"elementor elementor-235 elementor-15\">\n\t\t\t\t\t\t\t\t\t<section class=\"elementor-section elementor-top-section elementor-element elementor-element-9e6dad9 elementor-section-boxed elementor-section-height-default elementor-section-height-default\" data-id=\"9e6dad9\" data-element_type=\"section\">\n\t\t\t\t\t\t<div class=\"elementor-container elementor-column-gap-default\">\n\t\t\t\t\t<div class=\"elementor-column elementor-col-100 elementor-top-column elementor-element elementor-element-00db323\" data-id=\"00db323\" data-element_type=\"column\">\n\t\t\t<div class=\"elementor-widget-wrap elementor-element-populated\">\n\t\t\t\t\t\t\t\t<div class=\"elementor-element elementor-element-3fcc594 elementor-grid-3 elementor-grid-tablet-2 elementor-grid-mobile-1 elementor-posts--thumbnail-top elementor-widget elementor-widget-posts\" data-id=\"3fcc594\" data-element_type=\"widget\" data-settings=\"{&quot;classic_columns&quot;:&quot;3&quot;,&quot;classic_columns_tablet&quot;:&quot;2&quot;,&quot;classic_columns_mobile&quot;:&quot;1&quot;,&quot;classic_row_gap&quot;:{&quot;unit&quot;:&quot;px&quot;,&quot;size&quot;:35,&quot;sizes&quot;:[]},&quot;classic_row_gap_tablet&quot;:{&quot;unit&quot;:&quot;px&quot;,&quot;size&quot;:&quot;&quot;,&quot;sizes&quot;:[]},&quot;classic_row_gap_mobile&quot;:{&quot;unit&quot;:&quot;px&quot;,&quot;size&quot;:&quot;&quot;,&quot;sizes&quot;:[]}}\" data-widget_type=\"posts.classic\">\n\t\t\t\t<div class=\"elementor-widget-container\">\n\t\t\t\t\t<div class=\"elementor-posts-container elementor-posts elementor-posts--skin-classic elementor-grid\">\n\t\t\t\t<article class=\"elementor-post elementor-grid-item post-1191 post type-post status-publish format-standard hentry category-blog\">\n\t\t\t\t<div class=\"elementor-post__text\">\n\t\t\t\t<h3 class=\"elementor-post__title\">\n\t\t\t<a href=\"https:\/\/travailleravecremax.lu\/fr\/4-facons-d-ameliorer-sa-rentabilite-pour-un-conseiller-immobilier\/\" >\n\t\t\t\t4 FA\u00c7ONS D&rsquo;AM\u00c9LIORER SA RENTABILIT\u00c9 POUR UN CONSEILLER IMMOBILIER\t\t\t<\/a>\n\t\t<\/h3>\n\t\t\t\t<div class=\"elementor-post__meta-data\">\n\t\t\t\t\t<span class=\"elementor-post-date\">\n\t\t\t29.07.2021\t\t<\/span>\n\t\t\t\t<span class=\"elementor-post-avatar\">\n\t\t\tAucun commentaire\t\t<\/span>\n\t\t\t\t<\/div>\n\t\t\t\t<div class=\"elementor-post__excerpt\">\n\t\t\t<p>Si vous travaillez dans le secteur de l&rsquo;immobilier, vous connaissez bien l&rsquo;environnement de travail au rythme effr\u00e9n\u00e9. Les conseillers doivent travailler rapidement et avec pr\u00e9cision,<\/p>\n\t\t<\/div>\n\t\t\t\t\t<a class=\"elementor-post__read-more\" href=\"https:\/\/travailleravecremax.lu\/fr\/4-facons-d-ameliorer-sa-rentabilite-pour-un-conseiller-immobilier\/\" >\n\t\t\t\tRead More \u00bb\t\t\t<\/a>\n\t\t\t\t<\/div>\n\t\t\t\t<\/article>\n\t\t\t\t<\/div>\n\n\n\t\t\n\t\t\t\t<\/div>\n\t\t\t\t<\/div>\n\t\t\t\t\t<\/div>\n\t\t<\/div>\n\t\t\t\t\t\t\t<\/div>\n\t\t<\/section>\n\t\t\t\t\t\t\t<\/div>\n\t\t","protected":false},"excerpt":{"rendered":"","protected":false},"author":1,"featured_media":1106,"parent":0,"menu_order":0,"comment_status":"closed","ping_status":"closed","template":"","meta":{"footnotes":""},"class_list":["post-235","page","type-page","status-publish","has-post-thumbnail","hentry"],"acf":[],"yoast_head":"<!-- This site is optimized with the Yoast SEO plugin v19.10 - https:\/\/yoast.com\/wordpress\/plugins\/seo\/ -->\n<title>Blog - RE\/MAX<\/title>\n<meta name=\"description\" content=\"D\u00e9couvrez les derniers articles du blog RE\/MAX Luxembourg. Que vous souhaitiez acheter ou vendre, REMAX vous donne toutes les informations !\" \/>\n<meta name=\"robots\" content=\"index, follow, max-snippet:-1, max-image-preview:large, max-video-preview:-1\" \/>\n<link rel=\"canonical\" href=\"https:\/\/travailleravecremax.lu\/fr\/blog\/\" \/>\n<meta property=\"og:locale\" content=\"fr_FR\" \/>\n<meta property=\"og:type\" content=\"article\" \/>\n<meta property=\"og:title\" content=\"Blog - RE\/MAX\" \/>\n<meta property=\"og:description\" content=\"D\u00e9couvrez les derniers articles du blog RE\/MAX Luxembourg. Que vous souhaitiez acheter ou vendre, REMAX vous donne toutes les informations !\" \/>\n<meta property=\"og:url\" content=\"https:\/\/travailleravecremax.lu\/fr\/blog\/\" \/>\n<meta property=\"og:site_name\" content=\"RE\/MAX\" \/>\n<meta property=\"article:publisher\" content=\"https:\/\/www.facebook.com\/RemaxInLuxembourg\" \/>\n<meta property=\"article:modified_time\" content=\"2021-11-26T14:29:31+00:00\" \/>\n<meta property=\"og:image\" content=\"https:\/\/travailleravecremax.lu\/wp-content\/uploads\/2021\/07\/05-Home-for-sale--e1626450374490.jpg\" \/>\n\t<meta property=\"og:image:width\" content=\"1415\" \/>\n\t<meta property=\"og:image:height\" content=\"1128\" \/>\n\t<meta property=\"og:image:type\" content=\"image\/jpeg\" \/>\n<meta name=\"twitter:card\" content=\"summary_large_image\" \/>\n<meta name=\"twitter:label1\" content=\"Dur\u00e9e de lecture estim\u00e9e\" \/>\n\t<meta name=\"twitter:data1\" content=\"1 minute\" \/>\n<script type=\"application\/ld+json\" class=\"yoast-schema-graph\">{\"@context\":\"https:\/\/schema.org\",\"@graph\":[{\"@type\":\"WebPage\",\"@id\":\"https:\/\/travailleravecremax.lu\/fr\/blog\/\",\"url\":\"https:\/\/travailleravecremax.lu\/fr\/blog\/\",\"name\":\"Blog - RE\/MAX\",\"isPartOf\":{\"@id\":\"https:\/\/travailleravecremax.lu\/fr\/#website\"},\"datePublished\":\"2021-01-24T23:52:40+00:00\",\"dateModified\":\"2021-11-26T14:29:31+00:00\",\"description\":\"D\u00e9couvrez les derniers articles du blog RE\/MAX Luxembourg. Que vous souhaitiez acheter ou vendre, REMAX vous donne toutes les informations !\",\"breadcrumb\":{\"@id\":\"https:\/\/travailleravecremax.lu\/fr\/blog\/#breadcrumb\"},\"inLanguage\":\"fr-FR\",\"potentialAction\":[{\"@type\":\"ReadAction\",\"target\":[\"https:\/\/travailleravecremax.lu\/fr\/blog\/\"]}]},{\"@type\":\"BreadcrumbList\",\"@id\":\"https:\/\/travailleravecremax.lu\/fr\/blog\/#breadcrumb\",\"itemListElement\":[{\"@type\":\"ListItem\",\"position\":1,\"name\":\"Home\",\"item\":\"https:\/\/travailleravecremax.lu\/fr\/\"},{\"@type\":\"ListItem\",\"position\":2,\"name\":\"Blog\"}]},{\"@type\":\"WebSite\",\"@id\":\"https:\/\/travailleravecremax.lu\/fr\/#website\",\"url\":\"https:\/\/travailleravecremax.lu\/fr\/\",\"name\":\"RE\/MAX Luxembourg - Devenir franchis\u00e9 ou conseiller\",\"description\":\"\",\"publisher\":{\"@id\":\"https:\/\/travailleravecremax.lu\/fr\/#organization\"},\"potentialAction\":[{\"@type\":\"SearchAction\",\"target\":{\"@type\":\"EntryPoint\",\"urlTemplate\":\"https:\/\/travailleravecremax.lu\/fr\/?s={search_term_string}\"},\"query-input\":\"required name=search_term_string\"}],\"inLanguage\":\"fr-FR\"},{\"@type\":\"Organization\",\"@id\":\"https:\/\/travailleravecremax.lu\/fr\/#organization\",\"name\":\"RE\/MAX LUXEMBOURG\",\"url\":\"https:\/\/travailleravecremax.lu\/fr\/\",\"logo\":{\"@type\":\"ImageObject\",\"inLanguage\":\"fr-FR\",\"@id\":\"https:\/\/travailleravecremax.lu\/fr\/#\/schema\/logo\/image\/\",\"url\":\"https:\/\/travailleravecremax.lu\/wp-content\/uploads\/2021\/03\/og-remax.png\",\"contentUrl\":\"https:\/\/travailleravecremax.lu\/wp-content\/uploads\/2021\/03\/og-remax.png\",\"width\":512,\"height\":512,\"caption\":\"RE\/MAX LUXEMBOURG\"},\"image\":{\"@id\":\"https:\/\/travailleravecremax.lu\/fr\/#\/schema\/logo\/image\/\"},\"sameAs\":[\"https:\/\/www.instagram.com\/remax_luxembourg\/\",\"https:\/\/www.linkedin.com\/in\/remaxluxembourg\/\",\"https:\/\/www.youtube.com\/channel\/UC2BpJgoDsM1vzYEvaBdQDNg\",\"https:\/\/www.facebook.com\/RemaxInLuxembourg\"]}]}<\/script>\n<!-- \/ Yoast SEO plugin. -->","yoast_head_json":{"title":"Blog - RE\/MAX","description":"D\u00e9couvrez les derniers articles du blog RE\/MAX Luxembourg. Que vous souhaitiez acheter ou vendre, REMAX vous donne toutes les informations !","robots":{"index":"index","follow":"follow","max-snippet":"max-snippet:-1","max-image-preview":"max-image-preview:large","max-video-preview":"max-video-preview:-1"},"canonical":"https:\/\/travailleravecremax.lu\/fr\/blog\/","og_locale":"fr_FR","og_type":"article","og_title":"Blog - RE\/MAX","og_description":"D\u00e9couvrez les derniers articles du blog RE\/MAX Luxembourg. Que vous souhaitiez acheter ou vendre, REMAX vous donne toutes les informations !","og_url":"https:\/\/travailleravecremax.lu\/fr\/blog\/","og_site_name":"RE\/MAX","article_publisher":"https:\/\/www.facebook.com\/RemaxInLuxembourg","article_modified_time":"2021-11-26T14:29:31+00:00","og_image":[{"width":1415,"height":1128,"url":"https:\/\/travailleravecremax.lu\/wp-content\/uploads\/2021\/07\/05-Home-for-sale--e1626450374490.jpg","type":"image\/jpeg"}],"twitter_card":"summary_large_image","twitter_misc":{"Dur\u00e9e de lecture estim\u00e9e":"1 minute"},"schema":{"@context":"https:\/\/schema.org","@graph":[{"@type":"WebPage","@id":"https:\/\/travailleravecremax.lu\/fr\/blog\/","url":"https:\/\/travailleravecremax.lu\/fr\/blog\/","name":"Blog - RE\/MAX","isPartOf":{"@id":"https:\/\/travailleravecremax.lu\/fr\/#website"},"datePublished":"2021-01-24T23:52:40+00:00","dateModified":"2021-11-26T14:29:31+00:00","description":"D\u00e9couvrez les derniers articles du blog RE\/MAX Luxembourg. Que vous souhaitiez acheter ou vendre, REMAX vous donne toutes les informations !","breadcrumb":{"@id":"https:\/\/travailleravecremax.lu\/fr\/blog\/#breadcrumb"},"inLanguage":"fr-FR","potentialAction":[{"@type":"ReadAction","target":["https:\/\/travailleravecremax.lu\/fr\/blog\/"]}]},{"@type":"BreadcrumbList","@id":"https:\/\/travailleravecremax.lu\/fr\/blog\/#breadcrumb","itemListElement":[{"@type":"ListItem","position":1,"name":"Home","item":"https:\/\/travailleravecremax.lu\/fr\/"},{"@type":"ListItem","position":2,"name":"Blog"}]},{"@type":"WebSite","@id":"https:\/\/travailleravecremax.lu\/fr\/#website","url":"https:\/\/travailleravecremax.lu\/fr\/","name":"RE\/MAX Luxembourg - Devenir franchis\u00e9 ou conseiller","description":"","publisher":{"@id":"https:\/\/travailleravecremax.lu\/fr\/#organization"},"potentialAction":[{"@type":"SearchAction","target":{"@type":"EntryPoint","urlTemplate":"https:\/\/travailleravecremax.lu\/fr\/?s={search_term_string}"},"query-input":"required name=search_term_string"}],"inLanguage":"fr-FR"},{"@type":"Organization","@id":"https:\/\/travailleravecremax.lu\/fr\/#organization","name":"RE\/MAX LUXEMBOURG","url":"https:\/\/travailleravecremax.lu\/fr\/","logo":{"@type":"ImageObject","inLanguage":"fr-FR","@id":"https:\/\/travailleravecremax.lu\/fr\/#\/schema\/logo\/image\/","url":"https:\/\/travailleravecremax.lu\/wp-content\/uploads\/2021\/03\/og-remax.png","contentUrl":"https:\/\/travailleravecremax.lu\/wp-content\/uploads\/2021\/03\/og-remax.png","width":512,"height":512,"caption":"RE\/MAX LUXEMBOURG"},"image":{"@id":"https:\/\/travailleravecremax.lu\/fr\/#\/schema\/logo\/image\/"},"sameAs":["https:\/\/www.instagram.com\/remax_luxembourg\/","https:\/\/www.linkedin.com\/in\/remaxluxembourg\/","https:\/\/www.youtube.com\/channel\/UC2BpJgoDsM1vzYEvaBdQDNg","https:\/\/www.facebook.com\/RemaxInLuxembourg"]}]}},"_links":{"self":[{"href":"https:\/\/travailleravecremax.lu\/fr\/wp-json\/wp\/v2\/pages\/235","targetHints":{"allow":["GET"]}}],"collection":[{"href":"https:\/\/travailleravecremax.lu\/fr\/wp-json\/wp\/v2\/pages"}],"about":[{"href":"https:\/\/travailleravecremax.lu\/fr\/wp-json\/wp\/v2\/types\/page"}],"author":[{"embeddable":true,"href":"https:\/\/travailleravecremax.lu\/fr\/wp-json\/wp\/v2\/users\/1"}],"replies":[{"embeddable":true,"href":"https:\/\/travailleravecremax.lu\/fr\/wp-json\/wp\/v2\/comments?post=235"}],"version-history":[{"count":10,"href":"https:\/\/travailleravecremax.lu\/fr\/wp-json\/wp\/v2\/pages\/235\/revisions"}],"predecessor-version":[{"id":1393,"href":"https:\/\/travailleravecremax.lu\/fr\/wp-json\/wp\/v2\/pages\/235\/revisions\/1393"}],"wp:featuredmedia":[{"embeddable":true,"href":"https:\/\/travailleravecremax.lu\/fr\/wp-json\/wp\/v2\/media\/1106"}],"wp:attachment":[{"href":"https:\/\/travailleravecremax.lu\/fr\/wp-json\/wp\/v2\/media?parent=235"}],"curies":[{"name":"wp","href":"https:\/\/api.w.org\/{rel}","templated":true}]}}